{"id":258,"date":"2018-01-22T10:17:40","date_gmt":"2018-01-22T14:17:40","guid":{"rendered":"http:\/\/new.sanjuan.gob.do\/transparencia\/?page_id=258"},"modified":"2024-06-17T12:41:10","modified_gmt":"2024-06-17T16:41:10","slug":"responsable-de-acceso-a-la-informacion","status":"publish","type":"page","link":"https:\/\/ayuntamientosanjuan.gob.do\/transparencia\/responsable-de-acceso-a-la-informacion\/","title":{"rendered":"Responsable de Acceso a la Informaci\u00f3n"},"content":{"rendered":"<p>Contacto Responsable de Acceso a la Informaci\u00f3n<\/p>\n<p><img decoding=\"async\" loading=\"lazy\" width=\"250\" height=\"250\" class=\"alignnone size-medium wp-image-868\" src=\"http:\/\/ayuntamientosanjuan.gob.do\/transparencia\/wp-content\/uploads\/2021\/05\/marine-250x250.jpg\" alt=\"\" srcset=\"https:\/\/ayuntamientosanjuan.gob.do\/transparencia\/wp-content\/uploads\/2021\/05\/marine-250x250.jpg 250w, https:\/\/ayuntamientosanjuan.gob.do\/transparencia\/wp-content\/uploads\/2021\/05\/marine-150x150.jpg 150w, https:\/\/ayuntamientosanjuan.gob.do\/transparencia\/wp-content\/uploads\/2021\/05\/marine-768x768.jpg 768w, https:\/\/ayuntamientosanjuan.gob.do\/transparencia\/wp-content\/uploads\/2021\/05\/marine-700x700.jpg 700w, https:\/\/ayuntamientosanjuan.gob.do\/transparencia\/wp-content\/uploads\/2021\/05\/marine-120x120.jpg 120w, https:\/\/ayuntamientosanjuan.gob.do\/transparencia\/wp-content\/uploads\/2021\/05\/marine.jpg 1587w\" sizes=\"(max-width: 250px) 100vw, 250px\" \/><\/p>\n<p><strong>FREDYS MARI\u00d1EZ<\/strong><br \/>\n<b>Responsable de Acceso a la Informaci\u00f3n\u00a0(RAI)<\/b><br \/>\nTel\u00e9fono:\u00a0(829) 451-1669 y (809) 557-2224<br \/>\nCorreo electr\u00f3nico:\u00a0oaim@alcaldiasanjuan.gob.do<\/p>\n<p>Ratificaci\u00f3n 2021 del RAI, Ayuntamiento de San Juan de la Maguana:<\/p>\n<p><a href=\"http:\/\/ayuntamientosanjuan.gob.do\/transparencia\/wp-content\/uploads\/2024\/06\/RECTIFICACION-DE-PUESTO-FREDYS.pdf\">Ratificacion de Puesto 2024 (clic aqui)<\/a><\/p>\n","protected":false},"excerpt":{"rendered":"Contacto Responsable de Acceso a la Informaci\u00f3n FREDYS MARI\u00d1EZ Responsable de Acceso a la Informaci\u00f3n\u00a0(RAI) Tel\u00e9fono:\u00a0(829) 451-1669 y (809) 557-2224 Correo electr\u00f3nico:\u00a0oaim@alcaldiasanjuan.gob.do Ratificaci\u00f3n 2021 del RAI, Ayuntamiento de San Juan de la Maguana: Ratificacion de Puesto 2024 (clic aqui)","protected":false},"author":4,"featured_media":0,"parent":0,"menu_order":0,"comment_status":"closed","ping_status":"closed","template":"","meta":[],"_links":{"self":[{"href":"https:\/\/ayuntamientosanjuan.gob.do\/transparencia\/wp-json\/wp\/v2\/pages\/258"}],"collection":[{"href":"https:\/\/ayuntamientosanjuan.gob.do\/transparencia\/wp-json\/wp\/v2\/pages"}],"about":[{"href":"https:\/\/ayuntamientosanjuan.gob.do\/transparencia\/wp-json\/wp\/v2\/types\/page"}],"author":[{"embeddable":true,"href":"https:\/\/ayuntamientosanjuan.gob.do\/transparencia\/wp-json\/wp\/v2\/users\/4"}],"replies":[{"embeddable":true,"href":"https:\/\/ayuntamientosanjuan.gob.do\/transparencia\/wp-json\/wp\/v2\/comments?post=258"}],"version-history":[{"count":12,"href":"https:\/\/ayuntamientosanjuan.gob.do\/transparencia\/wp-json\/wp\/v2\/pages\/258\/revisions"}],"predecessor-version":[{"id":1725,"href":"https:\/\/ayuntamientosanjuan.gob.do\/transparencia\/wp-json\/wp\/v2\/pages\/258\/revisions\/1725"}],"wp:attachment":[{"href":"https:\/\/ayuntamientosanjuan.gob.do\/transparencia\/wp-json\/wp\/v2\/media?parent=258"}],"curies":[{"name":"wp","href":"https:\/\/api.w.org\/{rel}","templated":true}]}}