{"id":56,"date":"2017-12-12T10:55:12","date_gmt":"2017-12-12T14:55:12","guid":{"rendered":"http:\/\/ayuntamiento.guineo\/transparencia\/?page_id=56"},"modified":"2025-04-02T23:02:49","modified_gmt":"2025-04-03T03:02:49","slug":"derechos-de-los-ciudadanos","status":"publish","type":"page","link":"https:\/\/ayuntamientosanjuan.gob.do\/transparencia\/derechos-de-los-ciudadanos\/","title":{"rendered":"Derechos, Deberes y Obligaciones"},"content":{"rendered":"\n<h2><strong>Derechos del ciudadano(a):&nbsp;<\/strong><\/h2>\n\n\n<blockquote>\n<h3>Todo ciudadano(a) tiene derecho a:<\/h3>\n<\/blockquote>\n<ol>\n<li>Solicitar y recibir informaci\u00f3n completa, veraz, adecuada y oportuna, del Ayuntamiento Municipal de San Juan de la Maguana.<\/li>\n<li style=\"text-align: justify;\">Acceder a informaci\u00f3n contenida en actas y expedientes del Ayuntamiento Municipal de San Juan de la Maguana, as\u00ed como estar informado peri\u00f3dicamente, cuando lo requiera, de las actividades que desarrollan entidades y personas que cumplen funciones en la instituci\u00f3n.<\/li>\n<li>Buscar, solicitar, recibir y difundir informaci\u00f3n perteneciente del Ayuntamiento Municipal de San Juan de la Maguana, y de formular consultas a las entidades y personas que cumplan funciones en la misma y obtener copia de los documentos que recopilen informaci\u00f3n sobre el ejercicio de las actividades de su competencia.<\/li>\n<li>Recibir la informaci\u00f3n, sencilla y accesible, sobre los tr\u00e1mites y procedimientos necesarios para agotar la solicitud de las informaciones que requieran, solicitar orientaci\u00f3n o formular quejas, consultas o reclamos sobre la prestaci\u00f3n del servicio o sobre el ejercicio de las funciones o competencias a cargo de la entidad o persona de que se trate.<\/li>\n<li>Recibir la informaci\u00f3n en el tiempo establecido, en el formato existente y por la v\u00eda acordada en el formulario de solicitud.<\/li>\n<li>Acceder a la informaci\u00f3n de forma gratuita, en tanto no requiera la reproducci\u00f3n de la misma.<\/li>\n<li>Ser notificado oportunamente y por escrito sobre limitaciones y excepciones para hacer disponible la informaci\u00f3n solicitada y el fundamento legal de la denegatoria.<\/li>\n<li>Recurrir a las autoridades jer\u00e1rquicas superiores del ente u \u00f3rgano de que se trate, a fin de resolver de forma definitiva la denegaci\u00f3n de la informaci\u00f3n solicitada, cuando \u00e9sta se debe a razones de reserva o confidencialidad o cuando no est\u00e9 conforme con la decisi\u00f3n adoptada.<\/li>\n<li>Obtener un recurso de amparo ante el Tribunal Contencioso Administrativo en los casos en que el organismo o la persona a quien se haya solicitado la informaci\u00f3n, no ofrezca \u00e9sta en el tiempo establecido para ello o, cuando el \u00f3rgano superior jer\u00e1rquico no fallare el recurso interpuesto en el tiempo establecido.&nbsp;<\/li>\n<\/ol>\n<h2><strong>Deberes del ciudadano(a):&nbsp;<\/strong><\/h2>\n<h3>Todo ciudadano(a) tiene el deber de:<\/h3>\n<ol>\n<li>Respetar y ajustarse al calendario establecido para la recolecci\u00f3n de los residuos s\u00f3lidos de su sector y calle, colocando sus desechos solo en las fechas establecidas y en el frente de su propiedad o que administre (vivienda, negocio o lugar espec\u00edfico del edificio en caso de condominios, gomeras, talleres, cl\u00ednicas y negocios que producen determinado tipo de desechos).<\/li>\n<li>Denunciar a toda persona o empresa que coloque sus desechos s\u00f3lidos en los tiempos que no le corresponden a su ruta de recolecci\u00f3n.<\/li>\n<li>Colocar sus desechos s\u00f3lidos en envases adecuados que permitan la recolecci\u00f3n de los mismos y que no se produzcan esparcimiento desordenado de los desechos en su frente o lugar de colocaci\u00f3n de los mismos.<\/li>\n<li>Denunciar a personas y empresas que coloquen basura no empacada, ya sea en su frente o en cualquier punto que lo haya visto.<\/li>\n<li>Personas, empresas urbanizadoras y dem\u00e1s propietarios de solares sin construcci\u00f3n, o con mejoras (construcci\u00f3n a medias) tienen del deber y responsabilidad de mantener limpio el solar en su interior y per\u00edmetro.<\/li>\n<li>Mantener limpio el frente de sus respectivas viviendas y\/o negocios.<\/li>\n<li>Cumplir con el compromiso de pago del arbitrio correspondiente a la recolecci\u00f3n de desechos s\u00f3lidos establecidos por el Ayuntamiento Municipal de San Juan de la Maguana, en tiempo h\u00e1bil y evitar atrasos en dicho compromiso.<\/li>\n<li>Hacer uso de los servicios p\u00fablicos municipales en las condiciones establecidas en las ordenanzas y reglamentos municipales.<\/li>\n<li>Participar en la gesti\u00f3n municipal de acuerdo con lo dispuesto en las leyes y reglamentos.<\/li>\n<li>Cuidar y conservar las obras de parques, ornatos, busto, y obras art\u00edsticas construidas por el ayuntamiento Municipal.<\/li>\n<li>Comparecer ante la autoridad municipal cuando sean citados seg\u00fan una disposici\u00f3n legal con indicaci\u00f3n del motivo de citaci\u00f3n.<\/li>\n<li>Facilitar a las autoridades municipales, conforme a la ley vigente, los datos e informaci\u00f3n que les soliciten, cuando aquellos, justificadamente, sean necesarios para la tramitaci\u00f3n y el buen fin de los procedimientos administrativos.<\/li>\n<\/ol>\n<p>En cumplimiento a la <strong>Ley 200-04 <\/strong>y el<strong> Decreto 130-05<\/strong>, el acceso a la informaci\u00f3n se har\u00e1 efectivo siempre y cuando no afecte la seguridad nacional, el orden p\u00fablico, la salud o la moral p\u00fablica o el derecho a la privacidad e intimidad de un tercero o el derecho a la reputaci\u00f3n de los dem\u00e1s.<\/p>\n\n\n<h2 class=\"wp-block-heading\">Obligaciones del Gobierno Local Municipal ante los Ciudadanos del Municipio de San Juan de la Maguana sobre la Gesti\u00f3n de los Residuos S\u00f3lidos.<\/h2>\n\n\n\n<p>De acuerdo con los art\u00edculos No. 19 y 20 de la Ley Municipal No. 176-07 sobre el Distrito Nacional y los municipios , son competencias propias de la Alcald\u00eda los siguientes\u00a0 deberes y obligaciones, de los Servicios Municipales M\u00ednimos: El Ayuntamiento brindara con car\u00e1cter obligatorio los servicios siguientes:<\/p>\n<p><strong>En todos los Municipios<\/strong>:\u00a0 Servicios Sociales B\u00e1sicos, acceso a los n\u00facleos de poblaci\u00f3n, cementerios y servicios f\u00fanebres, tratamiento y recolecci\u00f3n de\u00a0 disposici\u00f3n final de los desechos\u00a0 s\u00f3lidos\u00a0 rurales y urbanos , limpieza vial, reconstrucci\u00f3n y mantenimiento de calles, aceras, contenes y caminos vecinales, parques y\u00a0 plazas p\u00fablicas, biblioteca p\u00fablica, instalaciones deportivas, matadero, mercados, protecci\u00f3n y defensa civil, prevenci\u00f3n y extinci\u00f3n de incendios, protecci\u00f3n del medio ambiente y\u00a0 planeamiento urbano. La construcci\u00f3n, reconstrucci\u00f3n y mantenimientos de autopistas y carreteras intermunicipales son competencias del Gobierno Central.<\/p>\n<p>De forma peculiar sobre la gesti\u00f3n de los Desechos S\u00f3lidos, la Alcald\u00eda de San Juan de La Maguana se compromete:\u00a0\u00a0\u00a0\u00a0 \u00a0 \u00a0 \u00a0 \u00a0 \u00a0 \u00a0 \u00a0 \u00a0 \u00a0 \u00a0 \u00a0 \u00a0 \u00a0 \u00a0 \u00a0 \u00a0 \u00a0 \u00a0 \u00a0 \u00a0 \u00a0 \u00a0 \u00a0 \u00a0 \u00a0 \u00a0 \u00a0 \u00a0 \u00a0 \u00a0 \u00a0 \u00a0 \u00a0 \u00a0 \u00a0 \u00a0 \u00a0 \u00a0 \u00a0 \u00a0 \u00a0 \u00a0 \u00a0 \u00a0 \u00a0 \u00a0 \u00a0 \u00a0 \u00a0 \u00a0 \u00a0 \u00a0<\/p>\n<ol>\n<li>Fijar un calendario de rutas y frecuencias espec\u00edficas para la recolecci\u00f3n de los residuos s\u00f3lidos en los diferentes sectores del Municipio de San Juan de La Maguana y se publicara para que sea de conocimiento general.<\/li>\n<li>Disponer de los equipos necesarios para la adecuada, eficiente y eficaz recolecci\u00f3n de los residuos s\u00f3lidos, as\u00ed como tambi\u00e9n una partida presupuestaria para el mantenimiento y manejo de los mismos.<\/li>\n<li>Manejar de manera\u00a0 adecuada el destino\u00a0 de la disposici\u00f3n final de los residuos s\u00f3lidos en el Municipio de San Juan de La Maguana.<\/li>\n<li>Disponer del presupuesto y fondos especializados para la gesti\u00f3n de los servicios y manejos desechos s\u00f3lidos en el Municipio de San Juan de La Maguana.<\/li>\n<li>Contar y disponer con el personal necesario, brigadas entrenadas equipadas para el aseo urbano, sub-urbano y rural de los espacios p\u00fablicos, v\u00edas de acceso y circulaci\u00f3n de l@s ciudadan@s del Municipio de San Juan de La Maguana.<\/li>\n<li>Creaci\u00f3n de campa\u00f1as publicitarias, constantes en distintos medios de comunicaci\u00f3n para\u00a0\u00a0 orientar e instruir\u00a0 a l@s\u00a0 ciudadad@s sobre uso adecuado del manejo de residuos s\u00f3lidos, con el prop\u00f3sito principal de\u00a0 crear conciencia de la importancia de los mismos.<\/li>\n<li>Reglamentar la recolecci\u00f3n, manejo y disposici\u00f3n final de los residuos s\u00f3lidos en el Municipio de San Juan de La Maguana, de igual forma aplicar las sanciones correspondientes a quienes quebranten las normas establecidas.<\/li>\n<li>Establecer pol\u00edticas, resoluciones y ordenanzas para preservar el medio ambiente y\u00a0 los espacios p\u00fablicos del Municipio de San Juan de La Maguana.<\/li>\n<\/ol>\n<p>\u00a0<\/p>\n<p>\u00a0\u00a0\u00a0\u00a0\u00a0\u00a0\u00a0\u00a0\u00a0\u00a0\u00a0\u00a0\u00a0\u00a0\u00a0\u00a0\u00a0\u00a0\u00a0\u00a0\u00a0\u00a0\u00a0\u00a0\u00a0\u00a0\u00a0\u00a0\u00a0\u00a0\u00a0\u00a0\u00a0\u00a0\u00a0\u00a0\u00a0\u00a0\u00a0\u00a0\u00a0\u00a0\u00a0\u00a0\u00a0\u00a0\u00a0\u00a0\u00a0\u00a0\u00a0\u00a0\u00a0\u00a0\u00a0 __________<\/p>\n<p>Ing. Lenin De la Rosa Galv\u00e1n<\/p>\n<p>Alcalde Municipal<\/p>\n","protected":false},"excerpt":{"rendered":"Derechos del ciudadano(a):&nbsp; Todo ciudadano(a) tiene derecho a: Solicitar y recibir informaci\u00f3n completa, veraz, adecuada y oportuna, del Ayuntamiento Municipal de San Juan de la Maguana. Acceder a informaci\u00f3n contenida en actas y expedientes del Ayuntamiento Municipal de San Juan de la Maguana, as\u00ed como estar informado peri\u00f3dicamente, cuando lo requiera, de las actividades que&#8230;","protected":false},"author":4,"featured_media":0,"parent":0,"menu_order":0,"comment_status":"closed","ping_status":"closed","template":"","meta":[],"_links":{"self":[{"href":"https:\/\/ayuntamientosanjuan.gob.do\/transparencia\/wp-json\/wp\/v2\/pages\/56"}],"collection":[{"href":"https:\/\/ayuntamientosanjuan.gob.do\/transparencia\/wp-json\/wp\/v2\/pages"}],"about":[{"href":"https:\/\/ayuntamientosanjuan.gob.do\/transparencia\/wp-json\/wp\/v2\/types\/page"}],"author":[{"embeddable":true,"href":"https:\/\/ayuntamientosanjuan.gob.do\/transparencia\/wp-json\/wp\/v2\/users\/4"}],"replies":[{"embeddable":true,"href":"https:\/\/ayuntamientosanjuan.gob.do\/transparencia\/wp-json\/wp\/v2\/comments?post=56"}],"version-history":[{"count":9,"href":"https:\/\/ayuntamientosanjuan.gob.do\/transparencia\/wp-json\/wp\/v2\/pages\/56\/revisions"}],"predecessor-version":[{"id":2323,"href":"https:\/\/ayuntamientosanjuan.gob.do\/transparencia\/wp-json\/wp\/v2\/pages\/56\/revisions\/2323"}],"wp:attachment":[{"href":"https:\/\/ayuntamientosanjuan.gob.do\/transparencia\/wp-json\/wp\/v2\/media?parent=56"}],"curies":[{"name":"wp","href":"https:\/\/api.w.org\/{rel}","templated":true}]}}